{"id":37217,"date":"2022-06-10T07:01:48","date_gmt":"2022-06-10T07:01:48","guid":{"rendered":"https:\/\/ostfynsmuseer.dk\/direktoer-mette-ladegaard-thoegersen\/"},"modified":"2026-04-27T08:59:13","modified_gmt":"2026-04-27T08:59:13","slug":"direktoer-mette-ladegaard-thoegersen","status":"publish","type":"page","link":"https:\/\/ostfynsmuseer.dk\/en\/","title":{"rendered":"\u00d8stfyns Museer &#8211; direkt\u00f8r Mette Ladegaard Th\u00f8gersen"},"content":{"rendered":"<p>[et_pb_section fb_built=&#8221;1&#8243; _builder_version=&#8221;4.24.2&#8243; _module_preset=&#8221;default&#8221; background_color=&#8221;gcid-132751a3-978f-4570-aa06-0d405b6de594&#8243; global_colors_info=&#8221;{%22gcid-132751a3-978f-4570-aa06-0d405b6de594%22:%91%22background_color%22%93}&#8221;][et_pb_row column_structure=&#8221;2_3,1_3&#8243; _builder_version=&#8221;4.24.2&#8243; _module_preset=&#8221;default&#8221; width=&#8221;90%&#8221; width_tablet=&#8221;85%&#8221; width_phone=&#8221;85%&#8221; width_last_edited=&#8221;on|desktop&#8221; max_width=&#8221;1517px&#8221; custom_margin=&#8221;-18px|auto||auto||&#8221; custom_padding=&#8221;11px|||||&#8221; global_colors_info=&#8221;{}&#8221;][et_pb_column type=&#8221;2_3&#8243; _builder_version=&#8221;4.24.2&#8243; _module_preset=&#8221;default&#8221; global_colors_info=&#8221;{}&#8221;][et_pb_gallery gallery_ids=&#8221;3474,3526,3578,3545,3437,3555,3451,30962,34578&#8243; fullwidth=&#8221;on&#8221; _builder_version=&#8221;4.24.2&#8243; _module_preset=&#8221;default&#8221; auto=&#8221;on&#8221; auto_speed=&#8221;1700&#8243; global_colors_info=&#8221;{}&#8221;][\/et_pb_gallery][\/et_pb_column][et_pb_column type=&#8221;1_3&#8243; _builder_version=&#8221;4.24.2&#8243; _module_preset=&#8221;default&#8221; global_colors_info=&#8221;{}&#8221;][et_pb_text _builder_version=&#8221;4.24.2&#8243; _module_preset=&#8221;default&#8221; header_font=&#8221;|700|||||||&#8221; header_text_color=&#8221;gcid-132751a3-978f-4570-aa06-0d405b6de594&#8243; background_color=&#8221;RGBA(255,255,255,0)&#8221; global_colors_info=&#8221;{%22gcid-132751a3-978f-4570-aa06-0d405b6de594%22:%91%22header_text_color%22%93}&#8221;]<\/p>\n<h1 class=\"title\"><span style=\"color: #ffffff;\">Art, HISTORy and ARchaeOLOGy<\/span><\/h1>\n<p>[\/et_pb_text][et_pb_text _builder_version=&#8221;4.24.2&#8243; _module_preset=&#8221;default&#8221; text_font_size=&#8221;24px&#8221; background_enable_color=&#8221;off&#8221; background_layout=&#8221;dark&#8221; custom_padding=&#8221;||0px|||&#8221; background_last_edited=&#8221;on|phone&#8221; global_colors_info=&#8221;{}&#8221;]<\/p>\n<p><span style=\"color: #ffffff;\">Visit \u00d8stfyns Museer across eight different exhibition sites in Nyborg and Kerteminde. <span>Each location offers engaging and thought-provoking exhibitions<\/span>, <span>with the Viking Museum Ladby and the Johannes Larsen Museum &#8211; alongside Nyborg Castle (temporarily closed) &#8211; standing out as key highlights.<\/span><\/span><span style=\"font-size: 24px;\">\u00a0<\/span><\/p>\n<p>[\/et_pb_text][\/et_pb_column][\/et_pb_row][\/et_pb_section][et_pb_section fb_built=&#8221;1&#8243; specialty=&#8221;on&#8221; _builder_version=&#8221;4.24.2&#8243; _module_preset=&#8221;default&#8221; background_image=&#8221;https:\/\/ostfynsmuseer.dk\/wp-content\/uploads\/2023\/07\/Billede4-scaled.jpg&#8221; min_height=&#8221;773px&#8221; min_height_tablet=&#8221;773px&#8221; min_height_phone=&#8221;773px&#8221; min_height_last_edited=&#8221;on|phone&#8221; global_colors_info=&#8221;{}&#8221;][et_pb_column type=&#8221;1_2&#8243; specialty_columns=&#8221;2&#8243; _builder_version=&#8221;4.16&#8243; custom_padding=&#8221;|||&#8221; global_colors_info=&#8221;{}&#8221; custom_padding__hover=&#8221;|||&#8221;][et_pb_row_inner _builder_version=&#8221;4.16&#8243; _module_preset=&#8221;default&#8221; global_colors_info=&#8221;{}&#8221;][et_pb_column_inner saved_specialty_column_type=&#8221;1_2&#8243; _builder_version=&#8221;4.16&#8243; _module_preset=&#8221;default&#8221; global_colors_info=&#8221;{}&#8221;][et_pb_text _builder_version=&#8221;4.16&#8243; _module_preset=&#8221;default&#8221; header_font=&#8221;|700|||||||&#8221; header_text_color=&#8221;gcid-132751a3-978f-4570-aa06-0d405b6de594&#8243; background_color=&#8221;RGBA(255,255,255,0)&#8221; global_colors_info=&#8221;{%22gcid-132751a3-978f-4570-aa06-0d405b6de594%22:%91%22header_text_color%22%93}&#8221;]<\/p>\n<h1 class=\"title\"><span style=\"color: #ffffff;\">archaeology<\/span><\/h1>\n<p>[\/et_pb_text][et_pb_text _builder_version=&#8221;4.16&#8243; _module_preset=&#8221;default&#8221; text_font_size=&#8221;22px&#8221; width=&#8221;56%&#8221; width_tablet=&#8221;56%&#8221; width_phone=&#8221;100%&#8221; width_last_edited=&#8221;on|phone&#8221; global_colors_info=&#8221;{}&#8221;]<\/p>\n<p><span style=\"color: #ffffff;\">\u00d8stfyns Museer is responsible for archaeology in the municipalities of Nyborg and Kerteminde. Read more here about what to do if you are planning construction work or if you have made a discovery.<\/span><\/p>\n<p>[\/et_pb_text][et_pb_button button_url=&#8221;https:\/\/ostfynsmuseer.dk\/en\/arkaeologi\/&#8221; button_text=&#8221;Read more&#8221; _builder_version=&#8221;4.24.2&#8243; _module_preset=&#8221;default&#8221; custom_button=&#8221;on&#8221; button_text_size=&#8221;24px&#8221; button_bg_color=&#8221;gcid-132751a3-978f-4570-aa06-0d405b6de594&#8243; button_border_color=&#8221;#FFFFFF&#8221; hover_enabled=&#8221;0&#8243; global_colors_info=&#8221;{%22gcid-132751a3-978f-4570-aa06-0d405b6de594%22:%91%22button_bg_color%22%93}&#8221; sticky_enabled=&#8221;0&#8243;][\/et_pb_button][\/et_pb_column_inner][\/et_pb_row_inner][\/et_pb_column][et_pb_column type=&#8221;1_2&#8243; _builder_version=&#8221;4.16&#8243; custom_padding=&#8221;|||&#8221; global_colors_info=&#8221;{}&#8221; custom_padding__hover=&#8221;|||&#8221;][\/et_pb_column][\/et_pb_section][et_pb_section fb_built=&#8221;1&#8243; _builder_version=&#8221;4.21.0&#8243; _module_preset=&#8221;default&#8221; background_color=&#8221;gcid-132751a3-978f-4570-aa06-0d405b6de594&#8243; global_colors_info=&#8221;{%22gcid-132751a3-978f-4570-aa06-0d405b6de594%22:%91%22background_color%22%93}&#8221;][et_pb_row column_structure=&#8221;3_5,2_5&#8243; _builder_version=&#8221;4.21.0&#8243; _module_preset=&#8221;default&#8221; width=&#8221;91%&#8221; width_tablet=&#8221;85%&#8221; width_phone=&#8221;85%&#8221; width_last_edited=&#8221;on|desktop&#8221; max_width=&#8221;1517px&#8221; custom_margin=&#8221;-46px|auto||auto||&#8221; global_colors_info=&#8221;{}&#8221;][et_pb_column type=&#8221;3_5&#8243; _builder_version=&#8221;4.21.0&#8243; _module_preset=&#8221;default&#8221; global_colors_info=&#8221;{}&#8221;][et_pb_text content_tablet=&#8221;<\/p>\n<p><span style=%22text-decoration: underline; color: #ffffff;%22><strong>WEBSHOP<\/strong><\/span><\/p>\n<p>&#8221; content_phone=&#8221;<\/p>\n<p><span style=%22text-decoration: underline; color: #ffffff;%22><strong>WEBSHOP<\/strong><\/span><\/p>\n<p>&#8221; content_last_edited=&#8221;on|phone&#8221; _builder_version=&#8221;4.16&#8243; _module_preset=&#8221;default&#8221; global_colors_info=&#8221;{}&#8221;]<\/p>\n<p><span style=\"text-decoration: underline; color: #ffffff;\"><b>WEBSHOP<\/b><\/span><\/p>\n<p>[\/et_pb_text][et_pb_text _builder_version=&#8221;4.16&#8243; _module_preset=&#8221;default&#8221; text_font=&#8221;|800||on|||||&#8221; text_text_color=&#8221;#d6d8d2&#8243; text_font_size=&#8221;40px&#8221; header_text_color=&#8221;#e1f4e1&#8243; header_2_text_color=&#8221;#e1f4e1&#8243; header_2_font_size=&#8221;33px&#8221; text_font_size_tablet=&#8221;40px&#8221; text_font_size_phone=&#8221;31px&#8221; text_font_size_last_edited=&#8221;on|desktop&#8221; global_colors_info=&#8221;{}&#8221;]<\/p>\n<h2><span>UNIQUE items FROM<\/span><br data-start=\"652\" data-end=\"655\" \/><span>\u00d8STFYNS MUSEER<\/span><\/h2>\n<p>[\/et_pb_text][et_pb_text _builder_version=&#8221;4.16&#8243; _module_preset=&#8221;default&#8221; text_font_size=&#8221;22px&#8221; max_width=&#8221;85%&#8221; max_width_tablet=&#8221;85%&#8221; max_width_phone=&#8221;100%&#8221; max_width_last_edited=&#8221;on|phone&#8221; global_colors_info=&#8221;{}&#8221;]<\/p>\n<p><span style=\"color: #ffffff;\">Find inspiration and great gift ideas in our wide selection of books, posters, toys, and much more. Here, we have gathered all the items available for purchase online from our museums.<\/span><\/p>\n<p>[\/et_pb_text][et_pb_button button_url=&#8221;https:\/\/ostfynsmuseer.dk\/webshop\/&#8221; button_text=&#8221;Read more&#8221; button_alignment=&#8221;left&#8221; _builder_version=&#8221;4.24.2&#8243; _module_preset=&#8221;default&#8221; custom_button=&#8221;on&#8221; button_text_size=&#8221;24px&#8221; button_text_color=&#8221;#FFFFFF&#8221; button_bg_color=&#8221;RGBA(255,255,255,0)&#8221; button_border_width=&#8221;3px&#8221; button_border_color=&#8221;#FFFFFF&#8221; button_border_radius=&#8221;50px&#8221; button_font=&#8221;||||||||&#8221; button_use_icon=&#8221;off&#8221; button_rel=&#8221;off|off|off|off|off&#8221; custom_margin=&#8221;|||12px|false|false&#8221; hover_enabled=&#8221;0&#8243; global_colors_info=&#8221;{}&#8221; sticky_enabled=&#8221;0&#8243;][\/et_pb_button][\/et_pb_column][et_pb_column type=&#8221;2_5&#8243; _builder_version=&#8221;4.21.0&#8243; _module_preset=&#8221;default&#8221; global_colors_info=&#8221;{}&#8221;][et_pb_gallery gallery_ids=&#8221;35957,32689,33243,33471,2624,2630,2632,2644,2658,2676,2724,2743,2741,2786,2794,2814,2806,2808,2853,29747&#8243; fullwidth=&#8221;on&#8221; _builder_version=&#8221;4.24.2&#8243; _module_preset=&#8221;default&#8221; auto=&#8221;on&#8221; auto_speed=&#8221;1200&#8243; global_colors_info=&#8221;{}&#8221;][\/et_pb_gallery][\/et_pb_column][\/et_pb_row][\/et_pb_section]<\/p>\n<span class=\"et_bloom_bottom_trigger\"><\/span>","protected":false},"excerpt":{"rendered":"<p>Art, HISTORy and ARchaeOLOGyVisit \u00d8stfyns Museer across eight different exhibition sites in Nyborg and Kerteminde. Each location offers engaging and thought-provoking exhibitions, with the Viking Museum Ladby and the Johannes Larsen Museum &#8211; alongside Nyborg Castle (temporarily closed) &#8211; standing out as key highlights.\u00a0archaeology\u00d8stfyns Museer is responsible for archaeology in the municipalities of Nyborg and [&hellip;]<\/p>\n","protected":false},"author":1,"featured_media":0,"parent":0,"menu_order":0,"comment_status":"closed","ping_status":"closed","template":"","meta":{"_acf_changed":false,"_et_pb_use_builder":"on","_et_pb_old_content":"","_et_gb_content_width":"","footnotes":""},"class_list":["post-37217","page","type-page","status-publish","hentry"],"acf":[],"yoast_head":"<!-- This site is optimized with the Yoast SEO plugin v27.5 - https:\/\/yoast.com\/product\/yoast-seo-wordpress\/ -->\n<title>\u00d8stfyns Museer - direkt\u00f8r Mette Ladegaard Th\u00f8gersen - &Oslash;stfyns Museer<\/title>\n<meta name=\"description\" content=\"\u00d8stfyns Museer d\u00e6kker Nyborg og Kerteminde kommuner og tematisk b\u00e5de ark\u00e6ologi, kunst- og kulturhistorie. Direkt\u00f8r: Mette Ladegaard Th\u00f8gersen\" \/>\n<meta name=\"robots\" content=\"index, follow, max-snippet:-1, max-image-preview:large, max-video-preview:-1\" \/>\n<link rel=\"canonical\" href=\"https:\/\/ostfynsmuseer.dk\/\" \/>\n<meta property=\"og:locale\" content=\"en_US\" \/>\n<meta property=\"og:type\" content=\"article\" \/>\n<meta property=\"og:title\" content=\"\u00d8stfyns Museer - direkt\u00f8r Mette Ladegaard Th\u00f8gersen - &Oslash;stfyns Museer\" \/>\n<meta property=\"og:description\" content=\"\u00d8stfyns Museer d\u00e6kker Nyborg og Kerteminde kommuner og tematisk b\u00e5de ark\u00e6ologi, kunst- og kulturhistorie. Direkt\u00f8r: Mette Ladegaard Th\u00f8gersen\" \/>\n<meta property=\"og:site_name\" content=\"&Oslash;stfyns Museer\" \/>\n<meta property=\"article:publisher\" content=\"https:\/\/www.facebook.com\/ostfynsmuseer\" \/>\n<meta property=\"article:modified_time\" content=\"2026-04-27T08:59:13+00:00\" \/>\n<meta name=\"twitter:card\" content=\"summary_large_image\" \/>\n<meta name=\"twitter:label1\" content=\"Est. reading time\" \/>\n\t<meta name=\"twitter:data1\" content=\"12 minutes\" \/>\n<script type=\"application\/ld+json\" class=\"yoast-schema-graph\">{\"@context\":\"https:\\\/\\\/schema.org\",\"@graph\":[{\"@type\":\"WebPage\",\"@id\":\"https:\\\/\\\/ostfynsmuseer.dk\\\/\",\"url\":\"https:\\\/\\\/ostfynsmuseer.dk\\\/\",\"name\":\"\u00d8stfyns Museer - direkt\u00f8r Mette Ladegaard Th\u00f8gersen - &Oslash;stfyns Museer\",\"isPartOf\":{\"@id\":\"https:\\\/\\\/ostfynsmuseer.dk\\\/#website\"},\"datePublished\":\"2022-06-10T07:01:48+00:00\",\"dateModified\":\"2026-04-27T08:59:13+00:00\",\"description\":\"\u00d8stfyns Museer d\u00e6kker Nyborg og Kerteminde kommuner og tematisk b\u00e5de ark\u00e6ologi, kunst- og kulturhistorie. Direkt\u00f8r: Mette Ladegaard Th\u00f8gersen\",\"breadcrumb\":{\"@id\":\"https:\\\/\\\/ostfynsmuseer.dk\\\/#breadcrumb\"},\"inLanguage\":\"en-US\",\"potentialAction\":[{\"@type\":\"ReadAction\",\"target\":[\"https:\\\/\\\/ostfynsmuseer.dk\\\/\"]}]},{\"@type\":\"BreadcrumbList\",\"@id\":\"https:\\\/\\\/ostfynsmuseer.dk\\\/#breadcrumb\",\"itemListElement\":[{\"@type\":\"ListItem\",\"position\":1,\"name\":\"Hjem\",\"item\":\"https:\\\/\\\/ostfynsmuseer.dk\\\/\"},{\"@type\":\"ListItem\",\"position\":2,\"name\":\"\u00d8stfyns Museer &#8211; direkt\u00f8r Mette Ladegaard Th\u00f8gersen\"}]},{\"@type\":\"WebSite\",\"@id\":\"https:\\\/\\\/ostfynsmuseer.dk\\\/#website\",\"url\":\"https:\\\/\\\/ostfynsmuseer.dk\\\/\",\"name\":\"&Oslash;stfyns Museer\",\"description\":\"Unikke udstillinger og varer om kunst, natur og historie\",\"publisher\":{\"@id\":\"https:\\\/\\\/ostfynsmuseer.dk\\\/#organization\"},\"potentialAction\":[{\"@type\":\"SearchAction\",\"target\":{\"@type\":\"EntryPoint\",\"urlTemplate\":\"https:\\\/\\\/ostfynsmuseer.dk\\\/?s={search_term_string}\"},\"query-input\":{\"@type\":\"PropertyValueSpecification\",\"valueRequired\":true,\"valueName\":\"search_term_string\"}}],\"inLanguage\":\"en-US\"},{\"@type\":\"Organization\",\"@id\":\"https:\\\/\\\/ostfynsmuseer.dk\\\/#organization\",\"name\":\"\u00d8stfyns Museer\",\"url\":\"https:\\\/\\\/ostfynsmuseer.dk\\\/\",\"logo\":{\"@type\":\"ImageObject\",\"inLanguage\":\"en-US\",\"@id\":\"https:\\\/\\\/ostfynsmuseer.dk\\\/#\\\/schema\\\/logo\\\/image\\\/\",\"url\":\"https:\\\/\\\/ostfynsmuseer.dk\\\/wp-content\\\/uploads\\\/2022\\\/05\\\/ostfyns-logo-dark.svg\",\"contentUrl\":\"https:\\\/\\\/ostfynsmuseer.dk\\\/wp-content\\\/uploads\\\/2022\\\/05\\\/ostfyns-logo-dark.svg\",\"width\":1,\"height\":1,\"caption\":\"\u00d8stfyns Museer\"},\"image\":{\"@id\":\"https:\\\/\\\/ostfynsmuseer.dk\\\/#\\\/schema\\\/logo\\\/image\\\/\"},\"sameAs\":[\"https:\\\/\\\/www.facebook.com\\\/ostfynsmuseer\",\"https:\\\/\\\/www.instagram.com\\\/ostfynsmuseer\\\/\"]}]}<\/script>\n<!-- \/ Yoast SEO plugin. -->","yoast_head_json":{"title":"\u00d8stfyns Museer - direkt\u00f8r Mette Ladegaard Th\u00f8gersen - &Oslash;stfyns Museer","description":"\u00d8stfyns Museer d\u00e6kker Nyborg og Kerteminde kommuner og tematisk b\u00e5de ark\u00e6ologi, kunst- og kulturhistorie. Direkt\u00f8r: Mette Ladegaard Th\u00f8gersen","robots":{"index":"index","follow":"follow","max-snippet":"max-snippet:-1","max-image-preview":"max-image-preview:large","max-video-preview":"max-video-preview:-1"},"canonical":"https:\/\/ostfynsmuseer.dk\/","og_locale":"en_US","og_type":"article","og_title":"\u00d8stfyns Museer - direkt\u00f8r Mette Ladegaard Th\u00f8gersen - &Oslash;stfyns Museer","og_description":"\u00d8stfyns Museer d\u00e6kker Nyborg og Kerteminde kommuner og tematisk b\u00e5de ark\u00e6ologi, kunst- og kulturhistorie. Direkt\u00f8r: Mette Ladegaard Th\u00f8gersen","og_site_name":"&Oslash;stfyns Museer","article_publisher":"https:\/\/www.facebook.com\/ostfynsmuseer","article_modified_time":"2026-04-27T08:59:13+00:00","twitter_card":"summary_large_image","twitter_misc":{"Est. reading time":"12 minutes"},"schema":{"@context":"https:\/\/schema.org","@graph":[{"@type":"WebPage","@id":"https:\/\/ostfynsmuseer.dk\/","url":"https:\/\/ostfynsmuseer.dk\/","name":"\u00d8stfyns Museer - direkt\u00f8r Mette Ladegaard Th\u00f8gersen - &Oslash;stfyns Museer","isPartOf":{"@id":"https:\/\/ostfynsmuseer.dk\/#website"},"datePublished":"2022-06-10T07:01:48+00:00","dateModified":"2026-04-27T08:59:13+00:00","description":"\u00d8stfyns Museer d\u00e6kker Nyborg og Kerteminde kommuner og tematisk b\u00e5de ark\u00e6ologi, kunst- og kulturhistorie. Direkt\u00f8r: Mette Ladegaard Th\u00f8gersen","breadcrumb":{"@id":"https:\/\/ostfynsmuseer.dk\/#breadcrumb"},"inLanguage":"en-US","potentialAction":[{"@type":"ReadAction","target":["https:\/\/ostfynsmuseer.dk\/"]}]},{"@type":"BreadcrumbList","@id":"https:\/\/ostfynsmuseer.dk\/#breadcrumb","itemListElement":[{"@type":"ListItem","position":1,"name":"Hjem","item":"https:\/\/ostfynsmuseer.dk\/"},{"@type":"ListItem","position":2,"name":"\u00d8stfyns Museer &#8211; direkt\u00f8r Mette Ladegaard Th\u00f8gersen"}]},{"@type":"WebSite","@id":"https:\/\/ostfynsmuseer.dk\/#website","url":"https:\/\/ostfynsmuseer.dk\/","name":"&Oslash;stfyns Museer","description":"Unikke udstillinger og varer om kunst, natur og historie","publisher":{"@id":"https:\/\/ostfynsmuseer.dk\/#organization"},"potentialAction":[{"@type":"SearchAction","target":{"@type":"EntryPoint","urlTemplate":"https:\/\/ostfynsmuseer.dk\/?s={search_term_string}"},"query-input":{"@type":"PropertyValueSpecification","valueRequired":true,"valueName":"search_term_string"}}],"inLanguage":"en-US"},{"@type":"Organization","@id":"https:\/\/ostfynsmuseer.dk\/#organization","name":"\u00d8stfyns Museer","url":"https:\/\/ostfynsmuseer.dk\/","logo":{"@type":"ImageObject","inLanguage":"en-US","@id":"https:\/\/ostfynsmuseer.dk\/#\/schema\/logo\/image\/","url":"https:\/\/ostfynsmuseer.dk\/wp-content\/uploads\/2022\/05\/ostfyns-logo-dark.svg","contentUrl":"https:\/\/ostfynsmuseer.dk\/wp-content\/uploads\/2022\/05\/ostfyns-logo-dark.svg","width":1,"height":1,"caption":"\u00d8stfyns Museer"},"image":{"@id":"https:\/\/ostfynsmuseer.dk\/#\/schema\/logo\/image\/"},"sameAs":["https:\/\/www.facebook.com\/ostfynsmuseer","https:\/\/www.instagram.com\/ostfynsmuseer\/"]}]}},"jetpack_sharing_enabled":true,"_links":{"self":[{"href":"https:\/\/ostfynsmuseer.dk\/en\/wp-json\/wp\/v2\/pages\/37217","targetHints":{"allow":["GET"]}}],"collection":[{"href":"https:\/\/ostfynsmuseer.dk\/en\/wp-json\/wp\/v2\/pages"}],"about":[{"href":"https:\/\/ostfynsmuseer.dk\/en\/wp-json\/wp\/v2\/types\/page"}],"author":[{"embeddable":true,"href":"https:\/\/ostfynsmuseer.dk\/en\/wp-json\/wp\/v2\/users\/1"}],"replies":[{"embeddable":true,"href":"https:\/\/ostfynsmuseer.dk\/en\/wp-json\/wp\/v2\/comments?post=37217"}],"version-history":[{"count":5,"href":"https:\/\/ostfynsmuseer.dk\/en\/wp-json\/wp\/v2\/pages\/37217\/revisions"}],"predecessor-version":[{"id":37243,"href":"https:\/\/ostfynsmuseer.dk\/en\/wp-json\/wp\/v2\/pages\/37217\/revisions\/37243"}],"wp:attachment":[{"href":"https:\/\/ostfynsmuseer.dk\/en\/wp-json\/wp\/v2\/media?parent=37217"}],"curies":[{"name":"wp","href":"https:\/\/api.w.org\/{rel}","templated":true}]}}